{"id":5970,"date":"2026-01-13T13:54:07","date_gmt":"2026-01-13T13:54:07","guid":{"rendered":"https:\/\/staging.moakot.is\/about-us\/"},"modified":"2026-03-05T22:00:34","modified_gmt":"2026-03-05T22:00:34","slug":"about-us","status":"publish","type":"page","link":"https:\/\/staging.moakot.is\/en\/about-us\/","title":{"rendered":"About Us"},"content":{"rendered":"\t\t<div data-elementor-type=\"wp-page\" data-elementor-id=\"5970\" class=\"elementor elementor-5970 elementor-15\" data-elementor-post-type=\"page\">\n\t\t\t\t<div class=\"elementor-element elementor-element-5898f86 e-flex e-con-boxed e-con e-parent\" data-id=\"5898f86\" data-element_type=\"container\" data-e-type=\"container\">\n\t\t\t\t\t<div class=\"e-con-inner\">\n\t\t<div class=\"elementor-element elementor-element-a471c7a e-con-full e-flex e-con e-child\" data-id=\"a471c7a\" data-element_type=\"container\" data-e-type=\"container\">\n\t\t\t\t<div class=\"elementor-element elementor-element-3cf41fa elementor-widget elementor-widget-image\" data-id=\"3cf41fa\" data-element_type=\"widget\" data-e-type=\"widget\" data-widget_type=\"image.default\">\n\t\t\t\t<div class=\"elementor-widget-container\">\n\t\t\t\t\t\t\t\t\t\t\t\t\t\t\t<img fetchpriority=\"high\" decoding=\"async\" width=\"598\" height=\"594\" src=\"https:\/\/staging.moakot.is\/wp-content\/uploads\/2026\/03\/Screenshot-2026-03-02-at-22.32.24.png\" class=\"attachment-full size-full wp-image-6827\" alt=\"screenshot 2026 03 02 at 22.32.24\" srcset=\"https:\/\/staging.moakot.is\/wp-content\/uploads\/2026\/03\/Screenshot-2026-03-02-at-22.32.24.png 598w, https:\/\/staging.moakot.is\/wp-content\/uploads\/2026\/03\/Screenshot-2026-03-02-at-22.32.24-300x298.png 300w, https:\/\/staging.moakot.is\/wp-content\/uploads\/2026\/03\/Screenshot-2026-03-02-at-22.32.24-150x150.png 150w, https:\/\/staging.moakot.is\/wp-content\/uploads\/2026\/03\/Screenshot-2026-03-02-at-22.32.24-100x100.png 100w\" sizes=\"(max-width: 598px) 100vw, 598px\" title=\"About Us\">\t\t\t\t\t\t\t\t\t\t\t\t\t\t\t<\/div>\n\t\t\t\t<\/div>\n\t\t\t\t<\/div>\n\t\t<div class=\"elementor-element elementor-element-3f51f8d e-con-full e-flex e-con e-child\" data-id=\"3f51f8d\" data-element_type=\"container\" data-e-type=\"container\">\n\t\t\t\t<div class=\"elementor-element elementor-element-44bc7b6 elementor-widget elementor-widget-hfe-infocard\" data-id=\"44bc7b6\" data-element_type=\"widget\" data-e-type=\"widget\" data-widget_type=\"hfe-infocard.default\">\n\t\t\t\t<div class=\"elementor-widget-container\">\n\t\t\t\t\t\n\t\t<div class=\"hfe-infocard\">\n\t\t\t\t\t\t\t\t\t<div class=\"hfe-infocard-title-wrap\">\n\t\t\t\t<h2 class=\"hfe-infocard-title elementor-inline-editing\" data-elementor-setting-key=\"infocard_title\" data-elementor-inline-editing-toolbar=\"basic\" >ABOUT M\u00d3AKOT  <\/h2>\t\t\t<\/div>\n\t\t\t\t\t\t<div class=\"hfe-infocard-text-wrap\">\n\t\t\t\t<div class=\"hfe-infocard-text elementor-inline-editing\" data-elementor-setting-key=\"infocard_description\" data-elementor-inline-editing-toolbar=\"advanced\">\n\t\t\t\t\t<p>M\u00f3akot is an old cottage farm in Vatnsleysustr\u00f6nd, where my maternal lineage originates. The farm was abandoned long ago, but its story lives on. My great-grandmother, Krist\u00edn J\u00f3nsd\u00f3ttir, acquired M\u00f3akot in 1879 when she was only twenty years old. She was a farmer and later married my great-grandfather, Bjarni Sigur\u00f0sson, a local man, when she was 32 years old.   <\/p>\n<p>Krist\u00edn and Bjarni ran the farm at M\u00f3akot until 1923, when they moved to Hafnarfj\u00f6r\u00f0ur. My grandmother, Margr\u00e9t \u2013 their only daughter \u2013 lived most of her life in Hafnarfj\u00f6r\u00f0ur. She passed away in 1983 but lives on in my memories and in the handicraft. She was the one who taught me to knit when I was a child.   <\/p>\n<p>The name M\u00f3akot is very dear to me. It connects me to my roots, family history, and Icelandic knitting tradition.  The Krist\u00edn and Bjarni sweaters are designed in honor of the couple from M\u00f3akot. <\/p>\t\t\t\t<\/div>\n\t\t\t\t\t\t\t<\/div>\n\t\t<\/div>\n\n\t\t\t\t\t\t<\/div>\n\t\t\t\t<\/div>\n\t\t\t\t<\/div>\n\t\t<div class=\"elementor-element elementor-element-e92d08f e-con-full e-flex e-con e-child\" data-id=\"e92d08f\" data-element_type=\"container\" data-e-type=\"container\">\n\t\t\t\t<div class=\"elementor-element elementor-element-4bb2b21 elementor-widget elementor-widget-hfe-infocard\" data-id=\"4bb2b21\" data-element_type=\"widget\" data-e-type=\"widget\" data-widget_type=\"hfe-infocard.default\">\n\t\t\t\t<div class=\"elementor-widget-container\">\n\t\t\t\t\t\n\t\t<div class=\"hfe-infocard\">\n\t\t\t\t\t\t\t\t\t<div class=\"hfe-infocard-title-wrap\">\n\t\t\t\t<h2 class=\"hfe-infocard-title elementor-inline-editing\" data-elementor-setting-key=\"infocard_title\" data-elementor-inline-editing-toolbar=\"basic\" >DAUGHTERS AND SONS OF THE SETTLERS<\/h2>\t\t\t<\/div>\n\t\t\t\t\t\t<div class=\"hfe-infocard-text-wrap\">\n\t\t\t\t<div class=\"hfe-infocard-text elementor-inline-editing\" data-elementor-setting-key=\"infocard_description\" data-elementor-inline-editing-toolbar=\"advanced\">\n\t\t\t\t\t<p>In my knitting design, I emphasize maintaining old traditions and reflecting Icelandic origins. I call my sweaters Daughters and Sons of Settlement \u2013 garments that build on heritage, simplicity, and timeless design. <\/p>\n<p>\n\nAll knitting patterns from M\u00f3akot are designed with careful material selection in mind and are intended for natural yarns, such as wool and other natural fibers. Today, there is a wide selection of quality yarn, and it's often difficult to choose one over another. We all have our favorites \u2013 and you're welcome to follow yours.  \n\n<\/p>\n<p>\n\nI encourage you, dear knitter, to choose the yarn that suits you best, as long as the gauge matches what is specified in the pattern. This ensures the garment looks its best, both in fit and texture. <\/p>\t\t\t\t<\/div>\n\t\t\t\t\t\t\t<div class=\"hfe-button-wrapper elementor-widget-button\">\n\t\t\t\t<a href=\"#\" class=\"elementor-button-link elementor-button elementor-size-sm\">\n\t\t\t\t\t<span class=\"elementor-button-text elementor-inline-editing\"  data-elementor-setting-key=\"infocard_button_text\" data-elementor-inline-editing-toolbar=\"none\">Click Here<\/span>\n\t\t\t\t<\/a>\n\t\t\t<\/div>\n\t\t\t\t\t\t<\/div>\n\t\t<\/div>\n\n\t\t\t\t\t\t<\/div>\n\t\t\t\t<\/div>\n\t\t\t\t<\/div>\n\t\t<div class=\"elementor-element elementor-element-c93d991 e-con-full e-flex e-con e-child\" data-id=\"c93d991\" data-element_type=\"container\" data-e-type=\"container\">\n\t\t\t\t<div class=\"elementor-element elementor-element-8a54a0c elementor-widget elementor-widget-image\" data-id=\"8a54a0c\" data-element_type=\"widget\" data-e-type=\"widget\" data-widget_type=\"image.default\">\n\t\t\t\t<div class=\"elementor-widget-container\">\n\t\t\t\t\t\t\t\t\t\t\t\t<figure class=\"wp-caption\">\n\t\t\t\t\t\t\t\t\t\t<img decoding=\"async\" width=\"768\" height=\"1024\" src=\"https:\/\/staging.moakot.is\/wp-content\/uploads\/2026\/03\/Tjaldur-768x1024.jpg\" class=\"attachment-large size-large wp-image-6844\" alt=\"oystercatcher\" srcset=\"https:\/\/staging.moakot.is\/wp-content\/uploads\/2026\/03\/Tjaldur-768x1024.jpg 768w, https:\/\/staging.moakot.is\/wp-content\/uploads\/2026\/03\/Tjaldur-225x300.jpg 225w, https:\/\/staging.moakot.is\/wp-content\/uploads\/2026\/03\/Tjaldur-1152x1536.jpg 1152w, https:\/\/staging.moakot.is\/wp-content\/uploads\/2026\/03\/Tjaldur-1536x2048.jpg 1536w, https:\/\/staging.moakot.is\/wp-content\/uploads\/2026\/03\/Tjaldur-300x400.jpg 300w, https:\/\/staging.moakot.is\/wp-content\/uploads\/2026\/03\/Tjaldur-600x800.jpg 600w, https:\/\/staging.moakot.is\/wp-content\/uploads\/2026\/03\/Tjaldur-scaled.jpg 1920w\" sizes=\"(max-width: 768px) 100vw, 768px\" title=\"About Us\">\t\t\t\t\t\t\t\t\t\t\t<figcaption class=\"widget-image-caption wp-caption-text\"><\/figcaption>\n\t\t\t\t\t\t\t\t\t\t<\/figure>\n\t\t\t\t\t\t\t\t\t<\/div>\n\t\t\t\t<\/div>\n\t\t\t\t<\/div>\n\t\t\t\t\t<\/div>\n\t\t\t\t<\/div>\n\t\t\t\t<\/div>\n\t\t","protected":false},"excerpt":{"rendered":"<p>ABOUT M\u00d3AKOT M\u00f3akot is an old cottage farm in Vatnsleysustr\u00f6nd, where my maternal lineage originates. The farm was abandoned long [&hellip;]<\/p>\n","protected":false},"author":1,"featured_media":0,"parent":0,"menu_order":3,"comment_status":"closed","ping_status":"closed","template":"","meta":{"site-sidebar-layout":"no-sidebar","site-content-layout":"","ast-site-content-layout":"full-width-container","site-content-style":"default","site-sidebar-style":"default","ast-global-header-display":"","ast-banner-title-visibility":"","ast-main-header-display":"","ast-hfb-above-header-display":"","ast-hfb-below-header-display":"","ast-hfb-mobile-header-display":"","site-post-title":"disabled","ast-breadcrumbs-content":"","ast-featured-img":"disabled","footer-sml-layout":"","ast-disable-related-posts":"","theme-transparent-header-meta":"enabled","adv-header-id-meta":"","stick-header-meta":"","header-above-stick-meta":"","header-main-stick-meta":"","header-below-stick-meta":"","astra-migrate-meta-layouts":"default","ast-page-background-enabled":"default","ast-page-background-meta":{"desktop":{"background-color":"var(--ast-global-color-4)","background-image":"","background-repeat":"repeat","background-position":"center center","background-size":"auto","background-attachment":"scroll","background-type":"","background-media":"","overlay-type":"","overlay-color":"","overlay-opacity":"","overlay-gradient":""},"tablet":{"background-color":"","background-image":"","background-repeat":"repeat","background-position":"center center","background-size":"auto","background-attachment":"scroll","background-type":"","background-media":"","overlay-type":"","overlay-color":"","overlay-opacity":"","overlay-gradient":""},"mobile":{"background-color":"","background-image":"","background-repeat":"repeat","background-position":"center center","background-size":"auto","background-attachment":"scroll","background-type":"","background-media":"","overlay-type":"","overlay-color":"","overlay-opacity":"","overlay-gradient":""}},"ast-content-background-meta":{"desktop":{"background-color":"var(--ast-global-color-5)","background-image":"","background-repeat":"repeat","background-position":"center center","background-size":"auto","background-attachment":"scroll","background-type":"","background-media":"","overlay-type":"","overlay-color":"","overlay-opacity":"","overlay-gradient":""},"tablet":{"background-color":"var(--ast-global-color-5)","background-image":"","background-repeat":"repeat","background-position":"center center","background-size":"auto","background-attachment":"scroll","background-type":"","background-media":"","overlay-type":"","overlay-color":"","overlay-opacity":"","overlay-gradient":""},"mobile":{"background-color":"var(--ast-global-color-5)","background-image":"","background-repeat":"repeat","background-position":"center center","background-size":"auto","background-attachment":"scroll","background-type":"","background-media":"","overlay-type":"","overlay-color":"","overlay-opacity":"","overlay-gradient":""}},"footnotes":""},"class_list":["post-5970","page","type-page","status-publish","hentry"],"yoast_head":"<!-- This site is optimized with the Yoast SEO plugin v26.8 - https:\/\/yoast.com\/product\/yoast-seo-wordpress\/ -->\n<title>About Us -<\/title>\n<meta name=\"robots\" content=\"noindex, follow, max-snippet:-1, max-image-preview:large, max-video-preview:-1\" \/>\n<meta property=\"og:locale\" content=\"en_US\" \/>\n<meta property=\"og:type\" content=\"article\" \/>\n<meta property=\"og:title\" content=\"About Us -\" \/>\n<meta property=\"og:description\" content=\"ABOUT M\u00d3AKOT M\u00f3akot is an old cottage farm in Vatnsleysustr\u00f6nd, where my maternal lineage originates. The farm was abandoned long [&hellip;]\" \/>\n<meta property=\"og:url\" content=\"https:\/\/staging.moakot.is\/en\/about-us\/\" \/>\n<meta property=\"article:publisher\" content=\"https:\/\/www.facebook.com\/maggadesign.moakot\" \/>\n<meta property=\"article:modified_time\" content=\"2026-03-05T22:00:34+00:00\" \/>\n<meta property=\"og:image\" content=\"https:\/\/staging.moakot.is\/wp-content\/uploads\/2026\/03\/Screenshot-2026-03-02-at-22.32.24.png\" \/>\n\t<meta property=\"og:image:width\" content=\"598\" \/>\n\t<meta property=\"og:image:height\" content=\"594\" \/>\n\t<meta property=\"og:image:type\" content=\"image\/png\" \/>\n<meta name=\"twitter:card\" content=\"summary_large_image\" \/>\n<meta name=\"twitter:label1\" content=\"Est. reading time\" \/>\n\t<meta name=\"twitter:data1\" content=\"1 minute\" \/>\n<script type=\"application\/ld+json\" class=\"yoast-schema-graph\">{\"@context\":\"https:\/\/schema.org\",\"@graph\":[{\"@type\":\"WebPage\",\"@id\":\"https:\/\/staging.moakot.is\/en\/about-us\/\",\"url\":\"https:\/\/staging.moakot.is\/en\/about-us\/\",\"name\":\"About Us -\",\"isPartOf\":{\"@id\":\"https:\/\/staging.moakot.is\/en\/#website\"},\"primaryImageOfPage\":{\"@id\":\"https:\/\/staging.moakot.is\/en\/about-us\/#primaryimage\"},\"image\":{\"@id\":\"https:\/\/staging.moakot.is\/en\/about-us\/#primaryimage\"},\"thumbnailUrl\":\"https:\/\/staging.moakot.is\/wp-content\/uploads\/2026\/03\/Screenshot-2026-03-02-at-22.32.24.png\",\"datePublished\":\"2026-01-13T13:54:07+00:00\",\"dateModified\":\"2026-03-05T22:00:34+00:00\",\"breadcrumb\":{\"@id\":\"https:\/\/staging.moakot.is\/en\/about-us\/#breadcrumb\"},\"inLanguage\":\"en-US\",\"potentialAction\":[{\"@type\":\"ReadAction\",\"target\":[\"https:\/\/staging.moakot.is\/en\/about-us\/\"]}]},{\"@type\":\"ImageObject\",\"inLanguage\":\"en-US\",\"@id\":\"https:\/\/staging.moakot.is\/en\/about-us\/#primaryimage\",\"url\":\"https:\/\/staging.moakot.is\/wp-content\/uploads\/2026\/03\/Screenshot-2026-03-02-at-22.32.24.png\",\"contentUrl\":\"https:\/\/staging.moakot.is\/wp-content\/uploads\/2026\/03\/Screenshot-2026-03-02-at-22.32.24.png\"},{\"@type\":\"BreadcrumbList\",\"@id\":\"https:\/\/staging.moakot.is\/en\/about-us\/#breadcrumb\",\"itemListElement\":[{\"@type\":\"ListItem\",\"position\":1,\"name\":\"Home\",\"item\":\"https:\/\/staging.moakot.is\/en\/\"},{\"@type\":\"ListItem\",\"position\":2,\"name\":\"About Us\"}]},{\"@type\":\"WebSite\",\"@id\":\"https:\/\/staging.moakot.is\/en\/#website\",\"url\":\"https:\/\/staging.moakot.is\/en\/\",\"name\":\"moakot\",\"description\":\"\u00edslensk h\u00f6nnun\",\"publisher\":{\"@id\":\"https:\/\/staging.moakot.is\/en\/#organization\"},\"potentialAction\":[{\"@type\":\"SearchAction\",\"target\":{\"@type\":\"EntryPoint\",\"urlTemplate\":\"https:\/\/staging.moakot.is\/en\/?s={search_term_string}\"},\"query-input\":{\"@type\":\"PropertyValueSpecification\",\"valueRequired\":true,\"valueName\":\"search_term_string\"}}],\"inLanguage\":\"en-US\"},{\"@type\":\"Organization\",\"@id\":\"https:\/\/staging.moakot.is\/en\/#organization\",\"name\":\"moakot\",\"url\":\"https:\/\/staging.moakot.is\/en\/\",\"logo\":{\"@type\":\"ImageObject\",\"inLanguage\":\"en-US\",\"@id\":\"https:\/\/staging.moakot.is\/en\/#\/schema\/logo\/image\/\",\"url\":\"https:\/\/staging.moakot.is\/wp-content\/uploads\/2026\/01\/A-black-and-white-image-of-a-house-AI-generated-content-may-be-incorrect_.png\",\"contentUrl\":\"https:\/\/staging.moakot.is\/wp-content\/uploads\/2026\/01\/A-black-and-white-image-of-a-house-AI-generated-content-may-be-incorrect_.png\",\"width\":268,\"height\":268,\"caption\":\"moakot\"},\"image\":{\"@id\":\"https:\/\/staging.moakot.is\/en\/#\/schema\/logo\/image\/\"},\"sameAs\":[\"https:\/\/www.facebook.com\/maggadesign.moakot\",\"https:\/\/www.instagram.com\/moakot\"]}]}<\/script>\n<!-- \/ Yoast SEO plugin. -->","yoast_head_json":{"title":"About Us -","robots":{"index":"noindex","follow":"follow","max-snippet":"max-snippet:-1","max-image-preview":"max-image-preview:large","max-video-preview":"max-video-preview:-1"},"og_locale":"en_US","og_type":"article","og_title":"About Us -","og_description":"ABOUT M\u00d3AKOT M\u00f3akot is an old cottage farm in Vatnsleysustr\u00f6nd, where my maternal lineage originates. The farm was abandoned long [&hellip;]","og_url":"https:\/\/staging.moakot.is\/en\/about-us\/","article_publisher":"https:\/\/www.facebook.com\/maggadesign.moakot","article_modified_time":"2026-03-05T22:00:34+00:00","og_image":[{"width":598,"height":594,"url":"https:\/\/staging.moakot.is\/wp-content\/uploads\/2026\/03\/Screenshot-2026-03-02-at-22.32.24.png","type":"image\/png"}],"twitter_card":"summary_large_image","twitter_misc":{"Est. reading time":"1 minute"},"schema":{"@context":"https:\/\/schema.org","@graph":[{"@type":"WebPage","@id":"https:\/\/staging.moakot.is\/en\/about-us\/","url":"https:\/\/staging.moakot.is\/en\/about-us\/","name":"About Us -","isPartOf":{"@id":"https:\/\/staging.moakot.is\/en\/#website"},"primaryImageOfPage":{"@id":"https:\/\/staging.moakot.is\/en\/about-us\/#primaryimage"},"image":{"@id":"https:\/\/staging.moakot.is\/en\/about-us\/#primaryimage"},"thumbnailUrl":"https:\/\/staging.moakot.is\/wp-content\/uploads\/2026\/03\/Screenshot-2026-03-02-at-22.32.24.png","datePublished":"2026-01-13T13:54:07+00:00","dateModified":"2026-03-05T22:00:34+00:00","breadcrumb":{"@id":"https:\/\/staging.moakot.is\/en\/about-us\/#breadcrumb"},"inLanguage":"en-US","potentialAction":[{"@type":"ReadAction","target":["https:\/\/staging.moakot.is\/en\/about-us\/"]}]},{"@type":"ImageObject","inLanguage":"en-US","@id":"https:\/\/staging.moakot.is\/en\/about-us\/#primaryimage","url":"https:\/\/staging.moakot.is\/wp-content\/uploads\/2026\/03\/Screenshot-2026-03-02-at-22.32.24.png","contentUrl":"https:\/\/staging.moakot.is\/wp-content\/uploads\/2026\/03\/Screenshot-2026-03-02-at-22.32.24.png"},{"@type":"BreadcrumbList","@id":"https:\/\/staging.moakot.is\/en\/about-us\/#breadcrumb","itemListElement":[{"@type":"ListItem","position":1,"name":"Home","item":"https:\/\/staging.moakot.is\/en\/"},{"@type":"ListItem","position":2,"name":"About Us"}]},{"@type":"WebSite","@id":"https:\/\/staging.moakot.is\/en\/#website","url":"https:\/\/staging.moakot.is\/en\/","name":"moakot","description":"\u00edslensk h\u00f6nnun","publisher":{"@id":"https:\/\/staging.moakot.is\/en\/#organization"},"potentialAction":[{"@type":"SearchAction","target":{"@type":"EntryPoint","urlTemplate":"https:\/\/staging.moakot.is\/en\/?s={search_term_string}"},"query-input":{"@type":"PropertyValueSpecification","valueRequired":true,"valueName":"search_term_string"}}],"inLanguage":"en-US"},{"@type":"Organization","@id":"https:\/\/staging.moakot.is\/en\/#organization","name":"moakot","url":"https:\/\/staging.moakot.is\/en\/","logo":{"@type":"ImageObject","inLanguage":"en-US","@id":"https:\/\/staging.moakot.is\/en\/#\/schema\/logo\/image\/","url":"https:\/\/staging.moakot.is\/wp-content\/uploads\/2026\/01\/A-black-and-white-image-of-a-house-AI-generated-content-may-be-incorrect_.png","contentUrl":"https:\/\/staging.moakot.is\/wp-content\/uploads\/2026\/01\/A-black-and-white-image-of-a-house-AI-generated-content-may-be-incorrect_.png","width":268,"height":268,"caption":"moakot"},"image":{"@id":"https:\/\/staging.moakot.is\/en\/#\/schema\/logo\/image\/"},"sameAs":["https:\/\/www.facebook.com\/maggadesign.moakot","https:\/\/www.instagram.com\/moakot"]}]}},"_links":{"self":[{"href":"https:\/\/staging.moakot.is\/en\/wp-json\/wp\/v2\/pages\/5970","targetHints":{"allow":["GET"]}}],"collection":[{"href":"https:\/\/staging.moakot.is\/en\/wp-json\/wp\/v2\/pages"}],"about":[{"href":"https:\/\/staging.moakot.is\/en\/wp-json\/wp\/v2\/types\/page"}],"author":[{"embeddable":true,"href":"https:\/\/staging.moakot.is\/en\/wp-json\/wp\/v2\/users\/1"}],"replies":[{"embeddable":true,"href":"https:\/\/staging.moakot.is\/en\/wp-json\/wp\/v2\/comments?post=5970"}],"version-history":[{"count":28,"href":"https:\/\/staging.moakot.is\/en\/wp-json\/wp\/v2\/pages\/5970\/revisions"}],"predecessor-version":[{"id":6896,"href":"https:\/\/staging.moakot.is\/en\/wp-json\/wp\/v2\/pages\/5970\/revisions\/6896"}],"wp:attachment":[{"href":"https:\/\/staging.moakot.is\/en\/wp-json\/wp\/v2\/media?parent=5970"}],"curies":[{"name":"wp","href":"https:\/\/api.w.org\/{rel}","templated":true}]}}